{"id":19992,"date":"2025-07-16T10:27:50","date_gmt":"2025-07-16T08:27:50","guid":{"rendered":"https:\/\/erosieibarren.eus\/pribatutasun-politika\/"},"modified":"2025-07-16T10:54:40","modified_gmt":"2025-07-16T08:54:40","slug":"pribatutasun-politika","status":"publish","type":"page","link":"https:\/\/erosieibarren.eus\/es\/pribatutasun-politika\/","title":{"rendered":"Pol\u00edtica de privacidad"},"content":{"rendered":"\t\t<div data-elementor-type=\"wp-page\" data-elementor-id=\"19992\" class=\"elementor elementor-19992 elementor-19987\">\n\t\t\t\t\t\t<section class=\"elementor-section elementor-top-section elementor-element elementor-element-c73b250 elementor-section-boxed elementor-section-height-default elementor-section-height-default\" data-id=\"c73b250\" data-element_type=\"section\" data-e-type=\"section\">\n\t\t\t\t\t\t<div class=\"elementor-container elementor-column-gap-default\">\n\t\t\t\t\t<div class=\"elementor-column elementor-col-100 elementor-top-column elementor-element elementor-element-fa14de6\" data-id=\"fa14de6\" data-element_type=\"column\" data-e-type=\"column\">\n\t\t\t<div class=\"elementor-widget-wrap elementor-element-populated\">\n\t\t\t\t\t\t<div class=\"elementor-element elementor-element-62f07b2 elementor-widget elementor-widget-heading\" data-id=\"62f07b2\" data-element_type=\"widget\" data-e-type=\"widget\" data-widget_type=\"heading.default\">\n\t\t\t\t<div class=\"elementor-widget-container\">\n\t\t\t\t\t<h2 class=\"elementor-heading-title elementor-size-default\">Pol\u00edtica de privacidad<\/h2>\t\t\t\t<\/div>\n\t\t\t\t<\/div>\n\t\t\t\t<div class=\"elementor-element elementor-element-d6996e9 elementor-widget-divider--view-line elementor-widget elementor-widget-divider\" data-id=\"d6996e9\" data-element_type=\"widget\" data-e-type=\"widget\" data-widget_type=\"divider.default\">\n\t\t\t\t<div class=\"elementor-widget-container\">\n\t\t\t\t\t\t\t<div class=\"elementor-divider\">\n\t\t\t<span class=\"elementor-divider-separator\">\n\t\t\t\t\t\t<\/span>\n\t\t<\/div>\n\t\t\t\t\t\t<\/div>\n\t\t\t\t<\/div>\n\t\t\t\t<div class=\"elementor-element elementor-element-77a9598 elementor-widget elementor-widget-heading\" data-id=\"77a9598\" data-element_type=\"widget\" data-e-type=\"widget\" data-widget_type=\"heading.default\">\n\t\t\t\t<div class=\"elementor-widget-container\">\n\t\t\t\t\t<h3 class=\"elementor-heading-title elementor-size-default\">Informaci\u00f3n al usuario<\/h3>\t\t\t\t<\/div>\n\t\t\t\t<\/div>\n\t\t\t\t<div class=\"elementor-element elementor-element-e2defa8 elementor-widget elementor-widget-heading\" data-id=\"e2defa8\" data-element_type=\"widget\" data-e-type=\"widget\" data-widget_type=\"heading.default\">\n\t\t\t\t<div class=\"elementor-widget-container\">\n\t\t\t\t\t<p class=\"elementor-heading-title elementor-size-default\"><b>\u00bfQui\u00e9n es el responsable del tratamiento de tus datos personales?<\/b><br>ASOCIACION EIBAR CENTRO COMERCIAL ABIERTO es el RESPONSABLE del tratamiento de los datos personales del\nUSUARIO y le informa de que estos datos ser\u00e1n tratados de conformidad con lo dispuesto en el Reglamento (UE)\n2016\/679, de 27 de abril (GDPR), y la Ley Org\u00e1nica 3\/2018, de 5 de diciembre (LOPDGDD).<\/p>\t\t\t\t<\/div>\n\t\t\t\t<\/div>\n\t\t\t\t<div class=\"elementor-element elementor-element-7eb78dd elementor-widget elementor-widget-heading\" data-id=\"7eb78dd\" data-element_type=\"widget\" data-e-type=\"widget\" data-widget_type=\"heading.default\">\n\t\t\t\t<div class=\"elementor-widget-container\">\n\t\t\t\t\t<p class=\"elementor-heading-title elementor-size-default\"><b>\u00bfPara qu\u00e9 tratamos tus datos personales?<\/b><br>Para mantener una relaci\u00f3n comercial con el usuario. Las operaciones previstas para realizar el tratamiento son:<\/p>\t\t\t\t<\/div>\n\t\t\t\t<\/div>\n\t\t\t\t<div class=\"elementor-element elementor-element-c87d074 elementor-widget elementor-widget-text-editor\" data-id=\"c87d074\" data-element_type=\"widget\" data-e-type=\"widget\" data-widget_type=\"text-editor.default\">\n\t\t\t\t<div class=\"elementor-widget-container\">\n\t\t\t\t\t\t\t\t\t<ul><li><span dir=\"ltr\" style=\"color: #0a416c;\" role=\"presentation\">Remisi\u00f3n de comunicaciones comerciales publicitarias por e-mail, fax, SMS, MMS, redes sociales o cualquier <\/span><span dir=\"ltr\" style=\"color: #0a416c;\" role=\"presentation\">otro medio electr\u00f3nico o f\u00edsico, presente o futuro, que posibilite realizar comunicaciones comerciales. Estas <\/span><span dir=\"ltr\" style=\"color: #0a416c;\" role=\"presentation\">comunicaciones ser\u00e1n realizadas por el RESPONSABLE y estar\u00e1n relacionadas con sus productos y servicios, o de <\/span><span dir=\"ltr\" style=\"color: #0a416c;\" role=\"presentation\">sus colaboradores o proveedores, con los que este haya alcanzado alg\u00fan acuerdo de promoci\u00f3n. En este caso, <\/span><span dir=\"ltr\" style=\"color: #0a416c;\" role=\"presentation\">los terceros nunca tendr\u00e1n acceso a los datos personales.<\/span><\/li><li><span style=\"color: #0a416c;\">Realizar estudios de mercado y an\u00e1lisis estad\u00edsticos.<\/span><\/li><li><span style=\"color: #0a416c;\"><span dir=\"ltr\" role=\"presentation\">Tramitar encargos, solicitudes, dar respuesta a las consultas o cualquier tipo de petici\u00f3n que sea realizada por el USUARIO a trav\u00e9s de cualquiera de las formas de contacto que se ponen a su disposici\u00f3n en la p\u00e1gina web del RESPONSABLE.<\/span><\/span><\/li><li><span style=\"color: #0a416c;\"><span dir=\"ltr\" role=\"presentation\">Remitir el bolet\u00edn informativo online, sobre novedades, ofertas y promociones en nuestra actividad<\/span><\/span><\/li><\/ul>\t\t\t\t\t\t\t\t<\/div>\n\t\t\t\t<\/div>\n\t\t\t\t<div class=\"elementor-element elementor-element-012a801 elementor-widget elementor-widget-heading\" data-id=\"012a801\" data-element_type=\"widget\" data-e-type=\"widget\" data-widget_type=\"heading.default\">\n\t\t\t\t<div class=\"elementor-widget-container\">\n\t\t\t\t\t<p class=\"elementor-heading-title elementor-size-default\"><b>\u00bfPor qu\u00e9 motivo podemos tratar tus datos personales?<\/b><br>Porque el tratamiento est\u00e1 legitimado por el art\u00edculo 6 del GDPR de la siguiente forma:<\/p>\t\t\t\t<\/div>\n\t\t\t\t<\/div>\n\t\t\t\t<div class=\"elementor-element elementor-element-4044b84 elementor-widget elementor-widget-text-editor\" data-id=\"4044b84\" data-element_type=\"widget\" data-e-type=\"widget\" data-widget_type=\"text-editor.default\">\n\t\t\t\t<div class=\"elementor-widget-container\">\n\t\t\t\t\t\t\t\t\t<ul><li><span style=\"color: #0a416c;\">Con el consentimiento del USUARIO: remisi\u00f3n de comunicaciones comerciales y del bolet\u00edn informativo.<\/span><\/li><li><span style=\"color: #0a416c;\"><span dir=\"ltr\" role=\"presentation\">Por inter\u00e9s leg\u00edtimo del RESPONSABLE: realizar estudios de mercado, an\u00e1lisis estad\u00edsticos, etc. y tramitar<br role=\"presentation\" \/>encargos, solicitudes, etc. a petici\u00f3n del USUARIO.<\/span><\/span><\/li><\/ul>\t\t\t\t\t\t\t\t<\/div>\n\t\t\t\t<\/div>\n\t\t\t\t<div class=\"elementor-element elementor-element-e413839 elementor-widget elementor-widget-heading\" data-id=\"e413839\" data-element_type=\"widget\" data-e-type=\"widget\" data-widget_type=\"heading.default\">\n\t\t\t\t<div class=\"elementor-widget-container\">\n\t\t\t\t\t<p class=\"elementor-heading-title elementor-size-default\"><b>\u00bfDurante cu\u00e1nto tiempo guardaremos tus datos personales?<\/b><br>Se conservar\u00e1n durante no m\u00e1s tiempo del necesario para mantener el fin del tratamiento o existan prescripciones\nlegales que dictaminen su custodia y cuando ya no sea necesario para ello, se suprimir\u00e1n con medidas de seguridad\nadecuadas para garantizar la anonimizaci\u00f3n de los datos o la destrucci\u00f3n total de los mismos.<\/p>\t\t\t\t<\/div>\n\t\t\t\t<\/div>\n\t\t\t\t<div class=\"elementor-element elementor-element-6060a53 elementor-widget elementor-widget-heading\" data-id=\"6060a53\" data-element_type=\"widget\" data-e-type=\"widget\" data-widget_type=\"heading.default\">\n\t\t\t\t<div class=\"elementor-widget-container\">\n\t\t\t\t\t<p class=\"elementor-heading-title elementor-size-default\"><b>\u00bfA qui\u00e9n facilitamos tus datos personales?<\/b><br>No est\u00e1 prevista ninguna comunicaci\u00f3n de datos personales a terceros salvo, si fuese necesario para el desarrollo y\nejecuci\u00f3n de las finalidades del tratamiento, a nuestros proveedores de servicios relacionados con comunicaciones, con\nlos cuales el RESPONSABLE tiene suscritos los contratos de confidencialidad y de encargado de tratamiento exigidos por\nla normativa vigente de privacidad.<\/p>\t\t\t\t<\/div>\n\t\t\t\t<\/div>\n\t\t\t\t<div class=\"elementor-element elementor-element-0037797 elementor-widget elementor-widget-heading\" data-id=\"0037797\" data-element_type=\"widget\" data-e-type=\"widget\" data-widget_type=\"heading.default\">\n\t\t\t\t<div class=\"elementor-widget-container\">\n\t\t\t\t\t<p class=\"elementor-heading-title elementor-size-default\"><b>\u00bfCu\u00e1les son tus derechos?<\/b><br>Los derechos que asisten al USUARIO son:<\/p>\t\t\t\t<\/div>\n\t\t\t\t<\/div>\n\t\t\t\t<div class=\"elementor-element elementor-element-bba81dd elementor-widget elementor-widget-text-editor\" data-id=\"bba81dd\" data-element_type=\"widget\" data-e-type=\"widget\" data-widget_type=\"text-editor.default\">\n\t\t\t\t<div class=\"elementor-widget-container\">\n\t\t\t\t\t\t\t\t\t<ul><li><span style=\"color: #0a416c;\">Derecho a retirar el consentimiento en cualquier momento.<\/span><\/li><li><span style=\"color: #0a416c;\">Derecho de acceso, rectificaci\u00f3n, portabilidad y supresi\u00f3n de sus datos, y de limitaci\u00f3n u oposici\u00f3n a su tratamiento.<\/span><\/li><li><span style=\"color: #0a416c;\"><span dir=\"ltr\" role=\"presentation\">Derecho a presentar una reclamaci\u00f3n ante la autoridad de control (www.aepd.es) si considera que el tratamiento no se<br role=\"presentation\" \/>ajusta a la normativa vigente.<\/span><\/span><\/li><\/ul>\t\t\t\t\t\t\t\t<\/div>\n\t\t\t\t<\/div>\n\t\t\t\t<div class=\"elementor-element elementor-element-a508ba2 elementor-widget elementor-widget-heading\" data-id=\"a508ba2\" data-element_type=\"widget\" data-e-type=\"widget\" data-widget_type=\"heading.default\">\n\t\t\t\t<div class=\"elementor-widget-container\">\n\t\t\t\t\t<p class=\"elementor-heading-title elementor-size-default\"><b>Datos de contacto para ejercer sus derechos:<\/b><br>ASOCIACION EIBAR CENTRO COMERCIAL ABIERTO. Untzaga, 7 Baj 3 - 20600 Eibar (Gipuzkoa). E-mail:\ninfo@eibarcentrocomercialabierto.com.<\/p>\t\t\t\t<\/div>\n\t\t\t\t<\/div>\n\t\t\t\t<div class=\"elementor-element elementor-element-fa4b422 elementor-widget elementor-widget-heading\" data-id=\"fa4b422\" data-element_type=\"widget\" data-e-type=\"widget\" data-widget_type=\"heading.default\">\n\t\t\t\t<div class=\"elementor-widget-container\">\n\t\t\t\t\t<h3 class=\"elementor-heading-title elementor-size-default\">Car\u00e1cter obligatorio o facultativo de la informaci\u00f3n facilitada por el usuario<\/h3>\t\t\t\t<\/div>\n\t\t\t\t<\/div>\n\t\t\t\t<div class=\"elementor-element elementor-element-b0f59c8 elementor-widget elementor-widget-heading\" data-id=\"b0f59c8\" data-element_type=\"widget\" data-e-type=\"widget\" data-widget_type=\"heading.default\">\n\t\t\t\t<div class=\"elementor-widget-container\">\n\t\t\t\t\t<p class=\"elementor-heading-title elementor-size-default\">Los USUARIOS, mediante la marcaci\u00f3n de las casillas correspondientes y la entrada de datos en los campos, marcados\ncon un asterisco (*) en el formulario de contacto o presentados en formularios de descarga, aceptan expresamente y\nde forma libre e inequ\u00edvoca, que sus datos son necesarios para atender su petici\u00f3n, por parte del prestador, siendo\nvoluntaria la inclusi\u00f3n de datos en los campos restantes. El USUARIO garantiza que los datos personales facilitados al\nRESPONSABLE son veraces y se hace responsable de comunicar cualquier modificaci\u00f3n de los mismos.<\/p>\t\t\t\t<\/div>\n\t\t\t\t<\/div>\n\t\t\t\t<div class=\"elementor-element elementor-element-0114144 elementor-widget elementor-widget-heading\" data-id=\"0114144\" data-element_type=\"widget\" data-e-type=\"widget\" data-widget_type=\"heading.default\">\n\t\t\t\t<div class=\"elementor-widget-container\">\n\t\t\t\t\t<p class=\"elementor-heading-title elementor-size-default\">El  RESPONSABLE  informa  de  que  todos  los  datos  solicitados  a  trav\u00e9s  del  sitio  web  son  obligatorios,  ya  que  son\nnecesarios para la prestaci\u00f3n de un servicio \u00f3ptimo al USUARIO. En caso de que no se faciliten todos los datos, no se\ngarantiza que la informaci\u00f3n y servicios facilitados sean completamente ajustados a sus necesidades.<\/p>\t\t\t\t<\/div>\n\t\t\t\t<\/div>\n\t\t\t\t<div class=\"elementor-element elementor-element-b46897f elementor-widget elementor-widget-heading\" data-id=\"b46897f\" data-element_type=\"widget\" data-e-type=\"widget\" data-widget_type=\"heading.default\">\n\t\t\t\t<div class=\"elementor-widget-container\">\n\t\t\t\t\t<h3 class=\"elementor-heading-title elementor-size-default\">Medidas de seguridad<\/h3>\t\t\t\t<\/div>\n\t\t\t\t<\/div>\n\t\t\t\t<div class=\"elementor-element elementor-element-c8814b9 elementor-widget elementor-widget-heading\" data-id=\"c8814b9\" data-element_type=\"widget\" data-e-type=\"widget\" data-widget_type=\"heading.default\">\n\t\t\t\t<div class=\"elementor-widget-container\">\n\t\t\t\t\t<p class=\"elementor-heading-title elementor-size-default\">Que de conformidad con lo dispuesto en las normativas vigentes en protecci\u00f3n de datos personales, el RESPONSABLE\nest\u00e1 cumpliendo con todas las disposiciones de las normativas GDPR y LOPDGDD para el tratamiento de los datos\npersonales de su responsabilidad, y manifiestamente con los principios descritos en el art\u00edculo 5 del GDPR, por los\ncuales son tratados de manera l\u00edcita, leal y transparente en relaci\u00f3n con el interesado y adecuados, pertinentes y\nlimitados a lo necesario en relaci\u00f3n con los fines para los que son tratados.<\/p>\t\t\t\t<\/div>\n\t\t\t\t<\/div>\n\t\t\t\t<div class=\"elementor-element elementor-element-942c236 elementor-widget elementor-widget-heading\" data-id=\"942c236\" data-element_type=\"widget\" data-e-type=\"widget\" data-widget_type=\"heading.default\">\n\t\t\t\t<div class=\"elementor-widget-container\">\n\t\t\t\t\t<p class=\"elementor-heading-title elementor-size-default\">El RESPONSABLE garantiza que ha implementado pol\u00edticas t\u00e9cnicas y organizativas apropiadas para aplicar las medidas\nde seguridad que establecen el GDPR y la LOPDGDD con el fin de proteger los derechos y libertades de los USUARIOS y\nles ha comunicado la informaci\u00f3n adecuada para que puedan ejercerlos.<\/p>\t\t\t\t<\/div>\n\t\t\t\t<\/div>\n\t\t\t\t<div class=\"elementor-element elementor-element-dc1b49d elementor-widget elementor-widget-heading\" data-id=\"dc1b49d\" data-element_type=\"widget\" data-e-type=\"widget\" data-widget_type=\"heading.default\">\n\t\t\t\t<div class=\"elementor-widget-container\">\n\t\t\t\t\t<p class=\"elementor-heading-title elementor-size-default\">Para m\u00e1s informaci\u00f3n sobre las garant\u00edas de privacidad, puedes dirigirte al RESPONSABLE a trav\u00e9s de ASOCIACION\nEIBAR CENTRO COMERCIAL ABIERTO. Untzaga, 7 Baj 3 - 20600 Eibar (Gipuzkoa). E-mail:\ninfo@eibarcentrocomercialabierto.com<\/p>\t\t\t\t<\/div>\n\t\t\t\t<\/div>\n\t\t\t\t\t<\/div>\n\t\t<\/div>\n\t\t\t\t\t<\/div>\n\t\t<\/section>\n\t\t\t\t<\/div>\n\t\t","protected":false},"excerpt":{"rendered":"<p>Pol\u00edtica de privacidad Informaci\u00f3n al usuario \u00bfQui\u00e9n es el responsable del tratamiento de tus datos personales?ASOCIACION EIBAR CENTRO COMERCIAL ABIERTO es el RESPONSABLE del tratamiento de los datos personales del USUARIO y le informa de que estos datos ser\u00e1n tratados de conformidad con lo dispuesto en el Reglamento (UE) 2016\/679, de 27 de abril (GDPR), &hellip; <\/p>\n","protected":false},"author":2,"featured_media":0,"parent":0,"menu_order":0,"comment_status":"closed","ping_status":"closed","template":"elementor_header_footer","meta":{"footnotes":""},"class_list":["post-19992","page","type-page","status-publish","hentry"],"yoast_head":"<!-- This site is optimized with the Yoast SEO plugin v27.4 - https:\/\/yoast.com\/product\/yoast-seo-wordpress\/ -->\n<title>Pol\u00edtica de privacidad - Erosieibarren.eus<\/title>\n<meta name=\"robots\" content=\"noindex, nofollow\" \/>\n<meta property=\"og:locale\" content=\"es_ES\" \/>\n<meta property=\"og:type\" content=\"article\" \/>\n<meta property=\"og:title\" content=\"Pol\u00edtica de privacidad - Erosieibarren.eus\" \/>\n<meta property=\"og:description\" content=\"Pol\u00edtica de privacidad Informaci\u00f3n al usuario \u00bfQui\u00e9n es el responsable del tratamiento de tus datos personales?ASOCIACION EIBAR CENTRO COMERCIAL ABIERTO es el RESPONSABLE del tratamiento de los datos personales del USUARIO y le informa de que estos datos ser\u00e1n tratados de conformidad con lo dispuesto en el Reglamento (UE) 2016\/679, de 27 de abril (GDPR), &hellip;\" \/>\n<meta property=\"og:url\" content=\"https:\/\/erosieibarren.eus\/es\/pribatutasun-politika\/\" \/>\n<meta property=\"og:site_name\" content=\"Erosieibarren.eus\" \/>\n<meta property=\"article:modified_time\" content=\"2025-07-16T08:54:40+00:00\" \/>\n<meta name=\"twitter:card\" content=\"summary_large_image\" \/>\n<meta name=\"twitter:label1\" content=\"Tiempo de lectura\" \/>\n\t<meta name=\"twitter:data1\" content=\"4 minutos\" \/>\n<script type=\"application\/ld+json\" class=\"yoast-schema-graph\">{\"@context\":\"https:\\\/\\\/schema.org\",\"@graph\":[{\"@type\":\"WebPage\",\"@id\":\"https:\\\/\\\/erosieibarren.eus\\\/es\\\/pribatutasun-politika\\\/\",\"url\":\"https:\\\/\\\/erosieibarren.eus\\\/es\\\/pribatutasun-politika\\\/\",\"name\":\"Pol\u00edtica de privacidad - Erosieibarren.eus\",\"isPartOf\":{\"@id\":\"https:\\\/\\\/erosieibarren.eus\\\/es\\\/#website\"},\"datePublished\":\"2025-07-16T08:27:50+00:00\",\"dateModified\":\"2025-07-16T08:54:40+00:00\",\"breadcrumb\":{\"@id\":\"https:\\\/\\\/erosieibarren.eus\\\/es\\\/pribatutasun-politika\\\/#breadcrumb\"},\"inLanguage\":\"es\",\"potentialAction\":[{\"@type\":\"ReadAction\",\"target\":[\"https:\\\/\\\/erosieibarren.eus\\\/es\\\/pribatutasun-politika\\\/\"]}]},{\"@type\":\"BreadcrumbList\",\"@id\":\"https:\\\/\\\/erosieibarren.eus\\\/es\\\/pribatutasun-politika\\\/#breadcrumb\",\"itemListElement\":[{\"@type\":\"ListItem\",\"position\":1,\"name\":\"Hasiera\",\"item\":\"https:\\\/\\\/erosieibarren.eus\\\/es\\\/\"},{\"@type\":\"ListItem\",\"position\":2,\"name\":\"Pol\u00edtica de privacidad\"}]},{\"@type\":\"WebSite\",\"@id\":\"https:\\\/\\\/erosieibarren.eus\\\/es\\\/#website\",\"url\":\"https:\\\/\\\/erosieibarren.eus\\\/es\\\/\",\"name\":\"Eibarko merkatarien web ataria\",\"description\":\"Eibarko merkatarien web ataria\",\"publisher\":{\"@id\":\"https:\\\/\\\/erosieibarren.eus\\\/es\\\/#organization\"},\"alternateName\":\"Erosieibarren.eus\",\"potentialAction\":[{\"@type\":\"SearchAction\",\"target\":{\"@type\":\"EntryPoint\",\"urlTemplate\":\"https:\\\/\\\/erosieibarren.eus\\\/es\\\/?s={search_term_string}\"},\"query-input\":{\"@type\":\"PropertyValueSpecification\",\"valueRequired\":true,\"valueName\":\"search_term_string\"}}],\"inLanguage\":\"es\"},{\"@type\":\"Organization\",\"@id\":\"https:\\\/\\\/erosieibarren.eus\\\/es\\\/#organization\",\"name\":\"Erosieibarren.eus\",\"url\":\"https:\\\/\\\/erosieibarren.eus\\\/es\\\/\",\"logo\":{\"@type\":\"ImageObject\",\"inLanguage\":\"es\",\"@id\":\"https:\\\/\\\/erosieibarren.eus\\\/es\\\/#\\\/schema\\\/logo\\\/image\\\/\",\"url\":\"https:\\\/\\\/erosieibarren.eus\\\/wp-content\\\/uploads\\\/2022\\\/11\\\/logo-color.png\",\"contentUrl\":\"https:\\\/\\\/erosieibarren.eus\\\/wp-content\\\/uploads\\\/2022\\\/11\\\/logo-color.png\",\"width\":1713,\"height\":321,\"caption\":\"Erosieibarren.eus\"},\"image\":{\"@id\":\"https:\\\/\\\/erosieibarren.eus\\\/es\\\/#\\\/schema\\\/logo\\\/image\\\/\"},\"sameAs\":[\"https:\\\/\\\/www.instagram.com\\\/erosieibarren_\\\/\"]}]}<\/script>\n<!-- \/ Yoast SEO plugin. -->","yoast_head_json":{"title":"Pol\u00edtica de privacidad - Erosieibarren.eus","robots":{"index":"noindex","follow":"nofollow"},"og_locale":"es_ES","og_type":"article","og_title":"Pol\u00edtica de privacidad - Erosieibarren.eus","og_description":"Pol\u00edtica de privacidad Informaci\u00f3n al usuario \u00bfQui\u00e9n es el responsable del tratamiento de tus datos personales?ASOCIACION EIBAR CENTRO COMERCIAL ABIERTO es el RESPONSABLE del tratamiento de los datos personales del USUARIO y le informa de que estos datos ser\u00e1n tratados de conformidad con lo dispuesto en el Reglamento (UE) 2016\/679, de 27 de abril (GDPR), &hellip;","og_url":"https:\/\/erosieibarren.eus\/es\/pribatutasun-politika\/","og_site_name":"Erosieibarren.eus","article_modified_time":"2025-07-16T08:54:40+00:00","twitter_card":"summary_large_image","twitter_misc":{"Tiempo de lectura":"4 minutos"},"schema":{"@context":"https:\/\/schema.org","@graph":[{"@type":"WebPage","@id":"https:\/\/erosieibarren.eus\/es\/pribatutasun-politika\/","url":"https:\/\/erosieibarren.eus\/es\/pribatutasun-politika\/","name":"Pol\u00edtica de privacidad - Erosieibarren.eus","isPartOf":{"@id":"https:\/\/erosieibarren.eus\/es\/#website"},"datePublished":"2025-07-16T08:27:50+00:00","dateModified":"2025-07-16T08:54:40+00:00","breadcrumb":{"@id":"https:\/\/erosieibarren.eus\/es\/pribatutasun-politika\/#breadcrumb"},"inLanguage":"es","potentialAction":[{"@type":"ReadAction","target":["https:\/\/erosieibarren.eus\/es\/pribatutasun-politika\/"]}]},{"@type":"BreadcrumbList","@id":"https:\/\/erosieibarren.eus\/es\/pribatutasun-politika\/#breadcrumb","itemListElement":[{"@type":"ListItem","position":1,"name":"Hasiera","item":"https:\/\/erosieibarren.eus\/es\/"},{"@type":"ListItem","position":2,"name":"Pol\u00edtica de privacidad"}]},{"@type":"WebSite","@id":"https:\/\/erosieibarren.eus\/es\/#website","url":"https:\/\/erosieibarren.eus\/es\/","name":"Eibarko merkatarien web ataria","description":"Eibarko merkatarien web ataria","publisher":{"@id":"https:\/\/erosieibarren.eus\/es\/#organization"},"alternateName":"Erosieibarren.eus","potentialAction":[{"@type":"SearchAction","target":{"@type":"EntryPoint","urlTemplate":"https:\/\/erosieibarren.eus\/es\/?s={search_term_string}"},"query-input":{"@type":"PropertyValueSpecification","valueRequired":true,"valueName":"search_term_string"}}],"inLanguage":"es"},{"@type":"Organization","@id":"https:\/\/erosieibarren.eus\/es\/#organization","name":"Erosieibarren.eus","url":"https:\/\/erosieibarren.eus\/es\/","logo":{"@type":"ImageObject","inLanguage":"es","@id":"https:\/\/erosieibarren.eus\/es\/#\/schema\/logo\/image\/","url":"https:\/\/erosieibarren.eus\/wp-content\/uploads\/2022\/11\/logo-color.png","contentUrl":"https:\/\/erosieibarren.eus\/wp-content\/uploads\/2022\/11\/logo-color.png","width":1713,"height":321,"caption":"Erosieibarren.eus"},"image":{"@id":"https:\/\/erosieibarren.eus\/es\/#\/schema\/logo\/image\/"},"sameAs":["https:\/\/www.instagram.com\/erosieibarren_\/"]}]}},"_links":{"self":[{"href":"https:\/\/erosieibarren.eus\/es\/wp-json\/wp\/v2\/pages\/19992","targetHints":{"allow":["GET"]}}],"collection":[{"href":"https:\/\/erosieibarren.eus\/es\/wp-json\/wp\/v2\/pages"}],"about":[{"href":"https:\/\/erosieibarren.eus\/es\/wp-json\/wp\/v2\/types\/page"}],"author":[{"embeddable":true,"href":"https:\/\/erosieibarren.eus\/es\/wp-json\/wp\/v2\/users\/2"}],"replies":[{"embeddable":true,"href":"https:\/\/erosieibarren.eus\/es\/wp-json\/wp\/v2\/comments?post=19992"}],"version-history":[{"count":4,"href":"https:\/\/erosieibarren.eus\/es\/wp-json\/wp\/v2\/pages\/19992\/revisions"}],"predecessor-version":[{"id":19996,"href":"https:\/\/erosieibarren.eus\/es\/wp-json\/wp\/v2\/pages\/19992\/revisions\/19996"}],"wp:attachment":[{"href":"https:\/\/erosieibarren.eus\/es\/wp-json\/wp\/v2\/media?parent=19992"}],"curies":[{"name":"wp","href":"https:\/\/api.w.org\/{rel}","templated":true}]}}