{"id":17041,"date":"2022-10-19T14:20:59","date_gmt":"2022-10-19T12:20:59","guid":{"rendered":"https:\/\/erosieibarren.eus\/direktorioa\/"},"modified":"2026-01-30T08:29:48","modified_gmt":"2026-01-30T07:29:48","slug":"direktorioa","status":"publish","type":"page","link":"https:\/\/erosieibarren.eus\/es\/direktorioa\/","title":{"rendered":"Directorio"},"content":{"rendered":"","protected":false},"excerpt":{"rendered":"","protected":false},"author":2,"featured_media":0,"parent":0,"menu_order":0,"comment_status":"closed","ping_status":"closed","template":"column-map.php","meta":{"footnotes":""},"class_list":["post-17041","page","type-page","status-publish","hentry"],"yoast_head":"<!-- This site is optimized with the Yoast SEO plugin v27.3 - https:\/\/yoast.com\/product\/yoast-seo-wordpress\/ -->\n<title>Gu\u00eda de comercios de Eibar | Directorio Erosi Eibarren<\/title>\n<meta name=\"description\" content=\"Encuentra comercios, hosteler\u00eda, servicios y caser\u00edos de Eibar. Busca por categor\u00eda o zona, consulta el mapa y accede a contacto de cada establecimiento.\" \/>\n<meta name=\"robots\" content=\"index, follow, max-snippet:-1, max-image-preview:large, max-video-preview:-1\" \/>\n<link rel=\"canonical\" href=\"https:\/\/erosieibarren.eus\/es\/direktorioa\/\" \/>\n<meta property=\"og:locale\" content=\"es_ES\" \/>\n<meta property=\"og:type\" content=\"article\" \/>\n<meta property=\"og:title\" content=\"Gu\u00eda de comercios de Eibar | Directorio Erosi Eibarren\" \/>\n<meta property=\"og:description\" content=\"Encuentra comercios, hosteler\u00eda, servicios y caser\u00edos de Eibar. Busca por categor\u00eda o zona, consulta el mapa y accede a contacto de cada establecimiento.\" \/>\n<meta property=\"og:url\" content=\"https:\/\/erosieibarren.eus\/es\/direktorioa\/\" \/>\n<meta property=\"og:site_name\" content=\"Erosieibarren.eus\" \/>\n<meta property=\"article:modified_time\" content=\"2026-01-30T07:29:48+00:00\" \/>\n<meta name=\"twitter:card\" content=\"summary_large_image\" \/>\n<script type=\"application\/ld+json\" class=\"yoast-schema-graph\">{\"@context\":\"https:\\\/\\\/schema.org\",\"@graph\":[{\"@type\":\"WebPage\",\"@id\":\"https:\\\/\\\/erosieibarren.eus\\\/es\\\/direktorioa\\\/\",\"url\":\"https:\\\/\\\/erosieibarren.eus\\\/es\\\/direktorioa\\\/\",\"name\":\"Gu\u00eda de comercios de Eibar | Directorio Erosi Eibarren\",\"isPartOf\":{\"@id\":\"https:\\\/\\\/erosieibarren.eus\\\/es\\\/#website\"},\"datePublished\":\"2022-10-19T12:20:59+00:00\",\"dateModified\":\"2026-01-30T07:29:48+00:00\",\"description\":\"Encuentra comercios, hosteler\u00eda, servicios y caser\u00edos de Eibar. Busca por categor\u00eda o zona, consulta el mapa y accede a contacto de cada establecimiento.\",\"breadcrumb\":{\"@id\":\"https:\\\/\\\/erosieibarren.eus\\\/es\\\/direktorioa\\\/#breadcrumb\"},\"inLanguage\":\"es\",\"potentialAction\":[{\"@type\":\"ReadAction\",\"target\":[\"https:\\\/\\\/erosieibarren.eus\\\/es\\\/direktorioa\\\/\"]}]},{\"@type\":\"BreadcrumbList\",\"@id\":\"https:\\\/\\\/erosieibarren.eus\\\/es\\\/direktorioa\\\/#breadcrumb\",\"itemListElement\":[{\"@type\":\"ListItem\",\"position\":1,\"name\":\"Hasiera\",\"item\":\"https:\\\/\\\/erosieibarren.eus\\\/es\\\/\"},{\"@type\":\"ListItem\",\"position\":2,\"name\":\"Directorio\"}]},{\"@type\":\"WebSite\",\"@id\":\"https:\\\/\\\/erosieibarren.eus\\\/es\\\/#website\",\"url\":\"https:\\\/\\\/erosieibarren.eus\\\/es\\\/\",\"name\":\"Eibarko merkatarien web ataria\",\"description\":\"Eibarko merkatarien web ataria\",\"publisher\":{\"@id\":\"https:\\\/\\\/erosieibarren.eus\\\/es\\\/#organization\"},\"alternateName\":\"Erosieibarren.eus\",\"potentialAction\":[{\"@type\":\"SearchAction\",\"target\":{\"@type\":\"EntryPoint\",\"urlTemplate\":\"https:\\\/\\\/erosieibarren.eus\\\/es\\\/?s={search_term_string}\"},\"query-input\":{\"@type\":\"PropertyValueSpecification\",\"valueRequired\":true,\"valueName\":\"search_term_string\"}}],\"inLanguage\":\"es\"},{\"@type\":\"Organization\",\"@id\":\"https:\\\/\\\/erosieibarren.eus\\\/es\\\/#organization\",\"name\":\"Erosieibarren.eus\",\"url\":\"https:\\\/\\\/erosieibarren.eus\\\/es\\\/\",\"logo\":{\"@type\":\"ImageObject\",\"inLanguage\":\"es\",\"@id\":\"https:\\\/\\\/erosieibarren.eus\\\/es\\\/#\\\/schema\\\/logo\\\/image\\\/\",\"url\":\"https:\\\/\\\/erosieibarren.eus\\\/wp-content\\\/uploads\\\/2022\\\/11\\\/logo-color.png\",\"contentUrl\":\"https:\\\/\\\/erosieibarren.eus\\\/wp-content\\\/uploads\\\/2022\\\/11\\\/logo-color.png\",\"width\":1713,\"height\":321,\"caption\":\"Erosieibarren.eus\"},\"image\":{\"@id\":\"https:\\\/\\\/erosieibarren.eus\\\/es\\\/#\\\/schema\\\/logo\\\/image\\\/\"},\"sameAs\":[\"https:\\\/\\\/www.instagram.com\\\/erosieibarren_\\\/\"]}]}<\/script>\n<!-- \/ Yoast SEO plugin. -->","yoast_head_json":{"title":"Gu\u00eda de comercios de Eibar | Directorio Erosi Eibarren","description":"Encuentra comercios, hosteler\u00eda, servicios y caser\u00edos de Eibar. Busca por categor\u00eda o zona, consulta el mapa y accede a contacto de cada establecimiento.","robots":{"index":"index","follow":"follow","max-snippet":"max-snippet:-1","max-image-preview":"max-image-preview:large","max-video-preview":"max-video-preview:-1"},"canonical":"https:\/\/erosieibarren.eus\/es\/direktorioa\/","og_locale":"es_ES","og_type":"article","og_title":"Gu\u00eda de comercios de Eibar | Directorio Erosi Eibarren","og_description":"Encuentra comercios, hosteler\u00eda, servicios y caser\u00edos de Eibar. Busca por categor\u00eda o zona, consulta el mapa y accede a contacto de cada establecimiento.","og_url":"https:\/\/erosieibarren.eus\/es\/direktorioa\/","og_site_name":"Erosieibarren.eus","article_modified_time":"2026-01-30T07:29:48+00:00","twitter_card":"summary_large_image","schema":{"@context":"https:\/\/schema.org","@graph":[{"@type":"WebPage","@id":"https:\/\/erosieibarren.eus\/es\/direktorioa\/","url":"https:\/\/erosieibarren.eus\/es\/direktorioa\/","name":"Gu\u00eda de comercios de Eibar | Directorio Erosi Eibarren","isPartOf":{"@id":"https:\/\/erosieibarren.eus\/es\/#website"},"datePublished":"2022-10-19T12:20:59+00:00","dateModified":"2026-01-30T07:29:48+00:00","description":"Encuentra comercios, hosteler\u00eda, servicios y caser\u00edos de Eibar. Busca por categor\u00eda o zona, consulta el mapa y accede a contacto de cada establecimiento.","breadcrumb":{"@id":"https:\/\/erosieibarren.eus\/es\/direktorioa\/#breadcrumb"},"inLanguage":"es","potentialAction":[{"@type":"ReadAction","target":["https:\/\/erosieibarren.eus\/es\/direktorioa\/"]}]},{"@type":"BreadcrumbList","@id":"https:\/\/erosieibarren.eus\/es\/direktorioa\/#breadcrumb","itemListElement":[{"@type":"ListItem","position":1,"name":"Hasiera","item":"https:\/\/erosieibarren.eus\/es\/"},{"@type":"ListItem","position":2,"name":"Directorio"}]},{"@type":"WebSite","@id":"https:\/\/erosieibarren.eus\/es\/#website","url":"https:\/\/erosieibarren.eus\/es\/","name":"Eibarko merkatarien web ataria","description":"Eibarko merkatarien web ataria","publisher":{"@id":"https:\/\/erosieibarren.eus\/es\/#organization"},"alternateName":"Erosieibarren.eus","potentialAction":[{"@type":"SearchAction","target":{"@type":"EntryPoint","urlTemplate":"https:\/\/erosieibarren.eus\/es\/?s={search_term_string}"},"query-input":{"@type":"PropertyValueSpecification","valueRequired":true,"valueName":"search_term_string"}}],"inLanguage":"es"},{"@type":"Organization","@id":"https:\/\/erosieibarren.eus\/es\/#organization","name":"Erosieibarren.eus","url":"https:\/\/erosieibarren.eus\/es\/","logo":{"@type":"ImageObject","inLanguage":"es","@id":"https:\/\/erosieibarren.eus\/es\/#\/schema\/logo\/image\/","url":"https:\/\/erosieibarren.eus\/wp-content\/uploads\/2022\/11\/logo-color.png","contentUrl":"https:\/\/erosieibarren.eus\/wp-content\/uploads\/2022\/11\/logo-color.png","width":1713,"height":321,"caption":"Erosieibarren.eus"},"image":{"@id":"https:\/\/erosieibarren.eus\/es\/#\/schema\/logo\/image\/"},"sameAs":["https:\/\/www.instagram.com\/erosieibarren_\/"]}]}},"_links":{"self":[{"href":"https:\/\/erosieibarren.eus\/es\/wp-json\/wp\/v2\/pages\/17041","targetHints":{"allow":["GET"]}}],"collection":[{"href":"https:\/\/erosieibarren.eus\/es\/wp-json\/wp\/v2\/pages"}],"about":[{"href":"https:\/\/erosieibarren.eus\/es\/wp-json\/wp\/v2\/types\/page"}],"author":[{"embeddable":true,"href":"https:\/\/erosieibarren.eus\/es\/wp-json\/wp\/v2\/users\/2"}],"replies":[{"embeddable":true,"href":"https:\/\/erosieibarren.eus\/es\/wp-json\/wp\/v2\/comments?post=17041"}],"version-history":[{"count":1,"href":"https:\/\/erosieibarren.eus\/es\/wp-json\/wp\/v2\/pages\/17041\/revisions"}],"predecessor-version":[{"id":17042,"href":"https:\/\/erosieibarren.eus\/es\/wp-json\/wp\/v2\/pages\/17041\/revisions\/17042"}],"wp:attachment":[{"href":"https:\/\/erosieibarren.eus\/es\/wp-json\/wp\/v2\/media?parent=17041"}],"curies":[{"name":"wp","href":"https:\/\/api.w.org\/{rel}","templated":true}]}}