{"id":10793,"date":"2022-10-12T23:24:35","date_gmt":"2022-10-12T21:24:35","guid":{"rendered":"https:\/\/erosieibarren.eus\/politica-privacidad\/"},"modified":"2026-01-30T08:58:29","modified_gmt":"2026-01-30T07:58:29","slug":"aviso-legal","status":"publish","type":"page","link":"https:\/\/erosieibarren.eus\/es\/aviso-legal\/","title":{"rendered":"Aviso Legal"},"content":{"rendered":"\t\t<div data-elementor-type=\"wp-page\" data-elementor-id=\"10793\" class=\"elementor elementor-10793 elementor-3\">\n\t\t\t\t\t\t<section class=\"elementor-section elementor-top-section elementor-element elementor-element-524f9ecc elementor-section-boxed elementor-section-height-default elementor-section-height-default\" data-id=\"524f9ecc\" data-element_type=\"section\" data-e-type=\"section\">\n\t\t\t\t\t\t<div class=\"elementor-container elementor-column-gap-default\">\n\t\t\t\t\t<div class=\"elementor-column elementor-col-100 elementor-top-column elementor-element elementor-element-689ad2a\" data-id=\"689ad2a\" data-element_type=\"column\" data-e-type=\"column\">\n\t\t\t<div class=\"elementor-widget-wrap elementor-element-populated\">\n\t\t\t\t\t\t<div class=\"elementor-element elementor-element-4c0abb6 elementor-widget elementor-widget-heading\" data-id=\"4c0abb6\" data-element_type=\"widget\" data-e-type=\"widget\" data-widget_type=\"heading.default\">\n\t\t\t\t<div class=\"elementor-widget-container\">\n\t\t\t\t\t<h2 class=\"elementor-heading-title elementor-size-default\">Aviso Legal<\/h2>\t\t\t\t<\/div>\n\t\t\t\t<\/div>\n\t\t\t\t<div class=\"elementor-element elementor-element-a409d33 elementor-widget-divider--view-line elementor-widget elementor-widget-divider\" data-id=\"a409d33\" data-element_type=\"widget\" data-e-type=\"widget\" data-widget_type=\"divider.default\">\n\t\t\t\t<div class=\"elementor-widget-container\">\n\t\t\t\t\t\t\t<div class=\"elementor-divider\">\n\t\t\t<span class=\"elementor-divider-separator\">\n\t\t\t\t\t\t<\/span>\n\t\t<\/div>\n\t\t\t\t\t\t<\/div>\n\t\t\t\t<\/div>\n\t\t\t\t<div class=\"elementor-element elementor-element-eb4a508 elementor-widget elementor-widget-heading\" data-id=\"eb4a508\" data-element_type=\"widget\" data-e-type=\"widget\" data-widget_type=\"heading.default\">\n\t\t\t\t<div class=\"elementor-widget-container\">\n\t\t\t\t\t<h3 class=\"elementor-heading-title elementor-size-default\">Ley de los servicios de la sociedad de la informaci\u00f3n (LSSI)<\/h3>\t\t\t\t<\/div>\n\t\t\t\t<\/div>\n\t\t\t\t<div class=\"elementor-element elementor-element-95ab8f4 elementor-widget elementor-widget-heading\" data-id=\"95ab8f4\" data-element_type=\"widget\" data-e-type=\"widget\" data-widget_type=\"heading.default\">\n\t\t\t\t<div class=\"elementor-widget-container\">\n\t\t\t\t\t<p class=\"elementor-heading-title elementor-size-default\">ASOCIACION EIBAR CENTRO COMERCIAL ABIERTO, responsable del sitio web, en adelante RESPONSABLE, pone a\ndisposici\u00f3n de los usuarios el presente documento, con el que pretende dar cumplimiento a las obligaciones\ndispuestas  en  la  Ley  34\/2002,  de  11  de  julio,  de  Servicios  de  la  Sociedad  de  la  Informaci\u00f3n  y  de  Comercio\nElectr\u00f3nico (LSSICE), BOE N.\u00ba 166, as\u00ed como informar a todos los usuarios del sitio web respecto a cu\u00e1les son las\ncondiciones de uso.<\/p>\t\t\t\t<\/div>\n\t\t\t\t<\/div>\n\t\t\t\t<div class=\"elementor-element elementor-element-821fde7 elementor-widget elementor-widget-heading\" data-id=\"821fde7\" data-element_type=\"widget\" data-e-type=\"widget\" data-widget_type=\"heading.default\">\n\t\t\t\t<div class=\"elementor-widget-container\">\n\t\t\t\t\t<p class=\"elementor-heading-title elementor-size-default\">Toda persona que acceda a este sitio web asume el papel de usuario, comprometi\u00e9ndose a la observancia y\ncumplimiento riguroso de las disposiciones aqu\u00ed dispuestas, as\u00ed como a cualquier otra disposici\u00f3n legal que fuera\nde aplicaci\u00f3n.<br>\nASOCIACION  EIBAR  CENTRO  COMERCIAL  ABIERTO  se  reserva  el  derecho  de  modificar  cualquier  tipo  de\ninformaci\u00f3n  que  pudiera  aparecer  en  el  sitio  web,  sin  que  exista  obligaci\u00f3n  de  preavisar  o  poner  en\nconocimiento de los usuarios dichas obligaciones, entendi\u00e9ndose como suficiente la publicaci\u00f3n en el sitio web\nde ASOCIACION EIBAR CENTRO COMERCIAL ABIERTO.<\/p>\t\t\t\t<\/div>\n\t\t\t\t<\/div>\n\t\t\t\t<div class=\"elementor-element elementor-element-666089c elementor-widget elementor-widget-heading\" data-id=\"666089c\" data-element_type=\"widget\" data-e-type=\"widget\" data-widget_type=\"heading.default\">\n\t\t\t\t<div class=\"elementor-widget-container\">\n\t\t\t\t\t<h3 class=\"elementor-heading-title elementor-size-default\">Datos identificativos<\/h3>\t\t\t\t<\/div>\n\t\t\t\t<\/div>\n\t\t\t\t<div class=\"elementor-element elementor-element-42e35ff elementor-widget elementor-widget-heading\" data-id=\"42e35ff\" data-element_type=\"widget\" data-e-type=\"widget\" data-widget_type=\"heading.default\">\n\t\t\t\t<div class=\"elementor-widget-container\">\n\t\t\t\t\t<p class=\"elementor-heading-title elementor-size-default\">Nombre de dominio: erosieibarren.eus\/<br>\nNombre comercial: ASOCIACION EIBAR CENTRO COMERCIAL ABIERTO<br>\nDenominaci\u00f3n social: ASOCIACION EIBAR CENTRO COMERCIAL ABIERTO<br>\nNIF: G20873592<br>\nDomicilio social: Untzaga, 7 Baj 3 20600 Eibar (Gipuzkoa)<br>\nTel\u00e9fono: 943254083<br>\nE-mail: info@eibarcentrocomercialabierto.com<\/p>\t\t\t\t<\/div>\n\t\t\t\t<\/div>\n\t\t\t\t<div class=\"elementor-element elementor-element-c92944f elementor-widget elementor-widget-heading\" data-id=\"c92944f\" data-element_type=\"widget\" data-e-type=\"widget\" data-widget_type=\"heading.default\">\n\t\t\t\t<div class=\"elementor-widget-container\">\n\t\t\t\t\t<h3 class=\"elementor-heading-title elementor-size-default\">Derechos de propiedad intelectual e industrial<\/h3>\t\t\t\t<\/div>\n\t\t\t\t<\/div>\n\t\t\t\t<div class=\"elementor-element elementor-element-576bbdb elementor-widget elementor-widget-heading\" data-id=\"576bbdb\" data-element_type=\"widget\" data-e-type=\"widget\" data-widget_type=\"heading.default\">\n\t\t\t\t<div class=\"elementor-widget-container\">\n\t\t\t\t\t<p class=\"elementor-heading-title elementor-size-default\">El sitio web, incluyendo a t\u00edtulo enunciativo pero no limitativo su programaci\u00f3n, edici\u00f3n, compilaci\u00f3n y dem\u00e1s\nelementos necesarios para su funcionamiento, los dise\u00f1os, logotipos, texto y\/o gr\u00e1ficos, son propiedad del\nRESPONSABLE o, si es el caso, dispone de licencia o autorizaci\u00f3n expresa por parte de los autores. Todos los\ncontenidos del sitio web se encuentran debidamente protegidos por la normativa de propiedad intelectual e\nindustrial, as\u00ed como inscritos en los registros p\u00fablicos correspondientes.<br>\nIndependientemente de la finalidad para la que fueran destinados, la reproducci\u00f3n total o parcial, uso,\nexplotaci\u00f3n, distribuci\u00f3n y comercializaci\u00f3n, requiere en todo caso la autorizaci\u00f3n escrita previa por parte del\nRESPONSABLE. Cualquier uso no autorizado previamente se considera un incumplimiento grave de los derechos\nde propiedad intelectual o industrial del autor.<br>\nLos dise\u00f1os, logotipos, texto y\/o gr\u00e1ficos ajenos al RESPONSABLE y que pudieran aparecer en el sitio web,\npertenecen a sus respectivos propietarios, siendo ellos mismos responsables de cualquier posible controversia\nque pudiera suscitarse respecto a los mismos. El RESPONSABLE autoriza expresamente a que terceros puedan\nredirigir directamente a los contenidos concretos del sitio web, y en todo caso redirigir al sitio web principal de\nerosieibarren.eus\/.<br>\nEl RESPONSABLE reconoce a favor de sus titulares los correspondientes derechos de propiedad intelectual e\nindustrial, no implicando su sola menci\u00f3n o aparici\u00f3n en el sitio web la existencia de derechos o responsabilidad\nalguna sobre los mismos, como tampoco respaldo, patrocinio o recomendaci\u00f3n por parte del mismo.<br>Para realizar cualquier tipo de observaci\u00f3n respecto a posibles incumplimientos de los derechos de propiedad\nintelectual o industrial, as\u00ed como sobre cualquiera de los contenidos del sitio web, puede hacerlo a trav\u00e9s del\ncorreo electr\u00f3nico info@eibarcentrocomercialabierto.com.<\/p>\t\t\t\t<\/div>\n\t\t\t\t<\/div>\n\t\t\t\t<div class=\"elementor-element elementor-element-397ca46 elementor-widget elementor-widget-heading\" data-id=\"397ca46\" data-element_type=\"widget\" data-e-type=\"widget\" data-widget_type=\"heading.default\">\n\t\t\t\t<div class=\"elementor-widget-container\">\n\t\t\t\t\t<h3 class=\"elementor-heading-title elementor-size-default\">Exenci\u00f3n de responsabilidades<\/h3>\t\t\t\t<\/div>\n\t\t\t\t<\/div>\n\t\t\t\t<div class=\"elementor-element elementor-element-a7f4d96 elementor-widget elementor-widget-heading\" data-id=\"a7f4d96\" data-element_type=\"widget\" data-e-type=\"widget\" data-widget_type=\"heading.default\">\n\t\t\t\t<div class=\"elementor-widget-container\">\n\t\t\t\t\t<p class=\"elementor-heading-title elementor-size-default\">El RESPONSABLE se exime de cualquier tipo de responsabilidad derivada de la informaci\u00f3n publicada en su sitio\nweb siempre que no tenga conocimiento efectivo de que esta informaci\u00f3n haya sido manipulada o introducida\npor un tercero ajeno al mismo o, si lo tiene, haya actuado con diligencia para retirar los datos o hacer imposible\nel acceso a ellos.<\/p>\t\t\t\t<\/div>\n\t\t\t\t<\/div>\n\t\t\t\t<div class=\"elementor-element elementor-element-a720b41 elementor-widget elementor-widget-heading\" data-id=\"a720b41\" data-element_type=\"widget\" data-e-type=\"widget\" data-widget_type=\"heading.default\">\n\t\t\t\t<div class=\"elementor-widget-container\">\n\t\t\t\t\t<p class=\"elementor-heading-title elementor-size-default\"><b>Uso de Cookies<\/b><br>Este  sitio  web  puede  utilizar  cookies  t\u00e9cnicas  (peque\u00f1os  archivos  de  informaci\u00f3n  que  el  servidor  env\u00eda  al\nordenador  de  quien  accede  a  la  p\u00e1gina)  para  llevar  a  cabo  determinadas  funciones  que  son  consideradas\nimprescindibles para el correcto funcionamiento y visualizaci\u00f3n del sitio. Las cookies utilizadas tienen, en todo\ncaso, car\u00e1cter temporal, con la \u00fanica finalidad de hacer m\u00e1s eficaz la navegaci\u00f3n, y desaparecen al terminar la\nsesi\u00f3n del usuario. En ning\u00fan caso, estas cookies proporcionan por s\u00ed mismas datos de car\u00e1cter personal y no se\nutilizar\u00e1n para la recogida de los mismos.<br>\nMediante  el  uso  de  cookies  tambi\u00e9n  es  posible  que  el  servidor  donde  se  encuentra  la  web  reconozca  el\nnavegador  utilizado  por  el  usuario  con  la  finalidad  de  que  la  navegaci\u00f3n  sea  m\u00e1s  sencilla,  permitiendo,  por\nejemplo, el acceso de los usuarios que se hayan registrado previamente a las \u00e1reas, servicios, promociones o\nconcursos reservados exclusivamente a ellos sin tener que registrarse en cada visita. Tambi\u00e9n se pueden utilizar\npara medir la audiencia, par\u00e1metros de tr\u00e1fico, controlar el progreso y n\u00famero de entradas, etc., siendo en estos\ncasos cookies prescindibles t\u00e9cnicamente, pero beneficiosas para el usuario. Este sitio web no instalar\u00e1 cookies\nprescindibles sin el consentimiento previo del usuario.<br>\nEl usuario tiene la posibilidad de configurar su navegador para ser alertado de la recepci\u00f3n de cookies y para\nimpedir su instalaci\u00f3n en su equipo. Por favor, consulte las instrucciones de su navegador para ampliar esta\ninformaci\u00f3n.<\/p>\t\t\t\t<\/div>\n\t\t\t\t<\/div>\n\t\t\t\t<div class=\"elementor-element elementor-element-69a4b2a elementor-widget elementor-widget-heading\" data-id=\"69a4b2a\" data-element_type=\"widget\" data-e-type=\"widget\" data-widget_type=\"heading.default\">\n\t\t\t\t<div class=\"elementor-widget-container\">\n\t\t\t\t\t<p class=\"elementor-heading-title elementor-size-default\"><b>Pol\u00edtica de enlaces<\/b><br>Desde el sitio web, es posible que se redirija a contenidos de terceros sitios web. Dado que el RESPONSABLE no\npuede  controlar  siempre  los  contenidos  introducidos  por  terceros  en  sus  respectivos  sitios  web,  no  asume\nning\u00fan tipo de responsabilidad respecto a dichos contenidos. En todo caso, proceder\u00e1 a la retirada inmediata de\ncualquier contenido que pudiera contravenir la legislaci\u00f3n nacional o internacional, la moral o el orden p\u00fablico,\nprocediendo  a  la  retirada  inmediata  de  la  redirecci\u00f3n  a  dicho  sitio  web,  poniendo  en  conocimiento  de  las\nautoridades competentes el contenido en cuesti\u00f3n.<br>\nEl RESPONSABLE no se hace responsable de la informaci\u00f3n y contenidos almacenados, a t\u00edtulo enunciativo pero\nno limitativo, en foros, chats, generadores de blogs, comentarios, redes sociales o cualquier otro medio que\npermita  a  terceros  publicar  contenidos  de  forma  independiente  en  la  p\u00e1gina  web  del  RESPONSABLE.  Sin\nembargo, y en cumplimiento de lo dispuesto en los art\u00edculos 11 y 16 de la LSSICE, se pone a disposici\u00f3n de todos\nlos  usuarios,  autoridades  y  fuerzas  de  seguridad,  colaborando  de  forma  activa  en  la  retirada  o,  en  su  caso,\nbloqueo de todos aquellos contenidos que puedan afectar o contravenir la legislaci\u00f3n nacional o internacional,\nlos derechos de terceros o la moral y el orden p\u00fablico. En caso de que el usuario considere que existe en el sitio\nweb alg\u00fan contenido que pudiera ser susceptible de esta clasificaci\u00f3n, se ruega lo notifique de forma inmediata\nal administrador del sitio web.<br>\nEste sitio web se ha revisado y probado para que funcione correctamente. En principio, puede garantizarse el\ncorrecto funcionamiento los 365 d\u00edas del a\u00f1o, 24 horas al d\u00eda. Sin embargo, el RESPONSABLE no descarta la\nposibilidad  de  que  existan  ciertos  errores  de  programaci\u00f3n,  o  que  acontezcan  causas  de  fuerza  mayor,\ncat\u00e1strofes naturales, huelgas o circunstancias semejantes que hagan imposible el acceso a la p\u00e1gina web.<\/p>\t\t\t\t<\/div>\n\t\t\t\t<\/div>\n\t\t\t\t<div class=\"elementor-element elementor-element-1886d80 elementor-widget elementor-widget-heading\" data-id=\"1886d80\" data-element_type=\"widget\" data-e-type=\"widget\" data-widget_type=\"heading.default\">\n\t\t\t\t<div class=\"elementor-widget-container\">\n\t\t\t\t\t<p class=\"elementor-heading-title elementor-size-default\"><b>Direcciones IP<\/b><br>Los servidores del sitio web podr\u00e1n detectar de manera autom\u00e1tica la direcci\u00f3n IP y el nombre de dominio\nutilizados por el usuario. Una direcci\u00f3n IP es un n\u00famero asignado autom\u00e1ticamente a un ordenador cuando este se conecta a Internet. Toda esta informaci\u00f3n se registra en un fichero de actividad del servidor que permite el\nposterior procesamiento de los datos con el fin de obtener mediciones \u00fanicamente estad\u00edsticas que permitan\nconocer el n\u00famero de impresiones de p\u00e1ginas, el n\u00famero de visitas realizadas a los servidores web, el orden de\nvisitas, el punto de acceso, etc.<\/p>\t\t\t\t<\/div>\n\t\t\t\t<\/div>\n\t\t\t\t<div class=\"elementor-element elementor-element-ecf1e18 elementor-widget elementor-widget-heading\" data-id=\"ecf1e18\" data-element_type=\"widget\" data-e-type=\"widget\" data-widget_type=\"heading.default\">\n\t\t\t\t<div class=\"elementor-widget-container\">\n\t\t\t\t\t<h3 class=\"elementor-heading-title elementor-size-default\">Ley aplicable y jurisdicci\u00f3n<\/h3>\t\t\t\t<\/div>\n\t\t\t\t<\/div>\n\t\t\t\t<div class=\"elementor-element elementor-element-1849945 elementor-widget elementor-widget-heading\" data-id=\"1849945\" data-element_type=\"widget\" data-e-type=\"widget\" data-widget_type=\"heading.default\">\n\t\t\t\t<div class=\"elementor-widget-container\">\n\t\t\t\t\t<p class=\"elementor-heading-title elementor-size-default\">Para  la  resoluci\u00f3n  de  todas  las  controversias  o  cuestiones  relacionadas  con  el  presente  sitio  web  o  de  las\nactividades en \u00e9l desarrolladas, ser\u00e1 de aplicaci\u00f3n la legislaci\u00f3n espa\u00f1ola, a la que se someten expresamente las\npartes, siendo competentes para la resoluci\u00f3n de todos los conflictos derivados o relacionados con su uso los\nJuzgados y Tribunales del domicilio del USUARIO o el lugar del cumplimiento de la obligaci\u00f3n.<\/p>\t\t\t\t<\/div>\n\t\t\t\t<\/div>\n\t\t\t\t\t<\/div>\n\t\t<\/div>\n\t\t\t\t\t<\/div>\n\t\t<\/section>\n\t\t\t\t<\/div>\n\t\t","protected":false},"excerpt":{"rendered":"<p>Aviso Legal Ley de los servicios de la sociedad de la informaci\u00f3n (LSSI) ASOCIACION EIBAR CENTRO COMERCIAL ABIERTO, responsable del sitio web, en adelante RESPONSABLE, pone a disposici\u00f3n de los usuarios el presente documento, con el que pretende dar cumplimiento a las obligaciones dispuestas en la Ley 34\/2002, de 11 de julio, de Servicios de &hellip; <\/p>\n","protected":false},"author":1,"featured_media":0,"parent":0,"menu_order":0,"comment_status":"closed","ping_status":"closed","template":"elementor_header_footer","meta":{"footnotes":""},"class_list":["post-10793","page","type-page","status-publish","hentry"],"yoast_head":"<!-- This site is optimized with the Yoast SEO plugin v27.4 - https:\/\/yoast.com\/product\/yoast-seo-wordpress\/ -->\n<title>Aviso Legal - Erosieibarren.eus<\/title>\n<meta name=\"robots\" content=\"noindex, nofollow\" \/>\n<meta property=\"og:locale\" content=\"es_ES\" \/>\n<meta property=\"og:type\" content=\"article\" \/>\n<meta property=\"og:title\" content=\"Aviso Legal - Erosieibarren.eus\" \/>\n<meta property=\"og:description\" content=\"Aviso Legal Ley de los servicios de la sociedad de la informaci\u00f3n (LSSI) ASOCIACION EIBAR CENTRO COMERCIAL ABIERTO, responsable del sitio web, en adelante RESPONSABLE, pone a disposici\u00f3n de los usuarios el presente documento, con el que pretende dar cumplimiento a las obligaciones dispuestas en la Ley 34\/2002, de 11 de julio, de Servicios de &hellip;\" \/>\n<meta property=\"og:url\" content=\"https:\/\/erosieibarren.eus\/es\/aviso-legal\/\" \/>\n<meta property=\"og:site_name\" content=\"Erosieibarren.eus\" \/>\n<meta property=\"article:modified_time\" content=\"2026-01-30T07:58:29+00:00\" \/>\n<meta name=\"twitter:card\" content=\"summary_large_image\" \/>\n<meta name=\"twitter:label1\" content=\"Tiempo de lectura\" \/>\n\t<meta name=\"twitter:data1\" content=\"7 minutos\" \/>\n<script type=\"application\/ld+json\" class=\"yoast-schema-graph\">{\"@context\":\"https:\\\/\\\/schema.org\",\"@graph\":[{\"@type\":\"WebPage\",\"@id\":\"https:\\\/\\\/erosieibarren.eus\\\/es\\\/aviso-legal\\\/\",\"url\":\"https:\\\/\\\/erosieibarren.eus\\\/es\\\/aviso-legal\\\/\",\"name\":\"Aviso Legal - Erosieibarren.eus\",\"isPartOf\":{\"@id\":\"https:\\\/\\\/erosieibarren.eus\\\/es\\\/#website\"},\"datePublished\":\"2022-10-12T21:24:35+00:00\",\"dateModified\":\"2026-01-30T07:58:29+00:00\",\"breadcrumb\":{\"@id\":\"https:\\\/\\\/erosieibarren.eus\\\/es\\\/aviso-legal\\\/#breadcrumb\"},\"inLanguage\":\"es\",\"potentialAction\":[{\"@type\":\"ReadAction\",\"target\":[\"https:\\\/\\\/erosieibarren.eus\\\/es\\\/aviso-legal\\\/\"]}]},{\"@type\":\"BreadcrumbList\",\"@id\":\"https:\\\/\\\/erosieibarren.eus\\\/es\\\/aviso-legal\\\/#breadcrumb\",\"itemListElement\":[{\"@type\":\"ListItem\",\"position\":1,\"name\":\"Hasiera\",\"item\":\"https:\\\/\\\/erosieibarren.eus\\\/es\\\/\"},{\"@type\":\"ListItem\",\"position\":2,\"name\":\"Aviso Legal\"}]},{\"@type\":\"WebSite\",\"@id\":\"https:\\\/\\\/erosieibarren.eus\\\/es\\\/#website\",\"url\":\"https:\\\/\\\/erosieibarren.eus\\\/es\\\/\",\"name\":\"Eibarko merkatarien web ataria\",\"description\":\"Eibarko merkatarien web ataria\",\"publisher\":{\"@id\":\"https:\\\/\\\/erosieibarren.eus\\\/es\\\/#organization\"},\"alternateName\":\"Erosieibarren.eus\",\"potentialAction\":[{\"@type\":\"SearchAction\",\"target\":{\"@type\":\"EntryPoint\",\"urlTemplate\":\"https:\\\/\\\/erosieibarren.eus\\\/es\\\/?s={search_term_string}\"},\"query-input\":{\"@type\":\"PropertyValueSpecification\",\"valueRequired\":true,\"valueName\":\"search_term_string\"}}],\"inLanguage\":\"es\"},{\"@type\":\"Organization\",\"@id\":\"https:\\\/\\\/erosieibarren.eus\\\/es\\\/#organization\",\"name\":\"Erosieibarren.eus\",\"url\":\"https:\\\/\\\/erosieibarren.eus\\\/es\\\/\",\"logo\":{\"@type\":\"ImageObject\",\"inLanguage\":\"es\",\"@id\":\"https:\\\/\\\/erosieibarren.eus\\\/es\\\/#\\\/schema\\\/logo\\\/image\\\/\",\"url\":\"https:\\\/\\\/erosieibarren.eus\\\/wp-content\\\/uploads\\\/2022\\\/11\\\/logo-color.png\",\"contentUrl\":\"https:\\\/\\\/erosieibarren.eus\\\/wp-content\\\/uploads\\\/2022\\\/11\\\/logo-color.png\",\"width\":1713,\"height\":321,\"caption\":\"Erosieibarren.eus\"},\"image\":{\"@id\":\"https:\\\/\\\/erosieibarren.eus\\\/es\\\/#\\\/schema\\\/logo\\\/image\\\/\"},\"sameAs\":[\"https:\\\/\\\/www.instagram.com\\\/erosieibarren_\\\/\"]}]}<\/script>\n<!-- \/ Yoast SEO plugin. -->","yoast_head_json":{"title":"Aviso Legal - Erosieibarren.eus","robots":{"index":"noindex","follow":"nofollow"},"og_locale":"es_ES","og_type":"article","og_title":"Aviso Legal - Erosieibarren.eus","og_description":"Aviso Legal Ley de los servicios de la sociedad de la informaci\u00f3n (LSSI) ASOCIACION EIBAR CENTRO COMERCIAL ABIERTO, responsable del sitio web, en adelante RESPONSABLE, pone a disposici\u00f3n de los usuarios el presente documento, con el que pretende dar cumplimiento a las obligaciones dispuestas en la Ley 34\/2002, de 11 de julio, de Servicios de &hellip;","og_url":"https:\/\/erosieibarren.eus\/es\/aviso-legal\/","og_site_name":"Erosieibarren.eus","article_modified_time":"2026-01-30T07:58:29+00:00","twitter_card":"summary_large_image","twitter_misc":{"Tiempo de lectura":"7 minutos"},"schema":{"@context":"https:\/\/schema.org","@graph":[{"@type":"WebPage","@id":"https:\/\/erosieibarren.eus\/es\/aviso-legal\/","url":"https:\/\/erosieibarren.eus\/es\/aviso-legal\/","name":"Aviso Legal - Erosieibarren.eus","isPartOf":{"@id":"https:\/\/erosieibarren.eus\/es\/#website"},"datePublished":"2022-10-12T21:24:35+00:00","dateModified":"2026-01-30T07:58:29+00:00","breadcrumb":{"@id":"https:\/\/erosieibarren.eus\/es\/aviso-legal\/#breadcrumb"},"inLanguage":"es","potentialAction":[{"@type":"ReadAction","target":["https:\/\/erosieibarren.eus\/es\/aviso-legal\/"]}]},{"@type":"BreadcrumbList","@id":"https:\/\/erosieibarren.eus\/es\/aviso-legal\/#breadcrumb","itemListElement":[{"@type":"ListItem","position":1,"name":"Hasiera","item":"https:\/\/erosieibarren.eus\/es\/"},{"@type":"ListItem","position":2,"name":"Aviso Legal"}]},{"@type":"WebSite","@id":"https:\/\/erosieibarren.eus\/es\/#website","url":"https:\/\/erosieibarren.eus\/es\/","name":"Eibarko merkatarien web ataria","description":"Eibarko merkatarien web ataria","publisher":{"@id":"https:\/\/erosieibarren.eus\/es\/#organization"},"alternateName":"Erosieibarren.eus","potentialAction":[{"@type":"SearchAction","target":{"@type":"EntryPoint","urlTemplate":"https:\/\/erosieibarren.eus\/es\/?s={search_term_string}"},"query-input":{"@type":"PropertyValueSpecification","valueRequired":true,"valueName":"search_term_string"}}],"inLanguage":"es"},{"@type":"Organization","@id":"https:\/\/erosieibarren.eus\/es\/#organization","name":"Erosieibarren.eus","url":"https:\/\/erosieibarren.eus\/es\/","logo":{"@type":"ImageObject","inLanguage":"es","@id":"https:\/\/erosieibarren.eus\/es\/#\/schema\/logo\/image\/","url":"https:\/\/erosieibarren.eus\/wp-content\/uploads\/2022\/11\/logo-color.png","contentUrl":"https:\/\/erosieibarren.eus\/wp-content\/uploads\/2022\/11\/logo-color.png","width":1713,"height":321,"caption":"Erosieibarren.eus"},"image":{"@id":"https:\/\/erosieibarren.eus\/es\/#\/schema\/logo\/image\/"},"sameAs":["https:\/\/www.instagram.com\/erosieibarren_\/"]}]}},"_links":{"self":[{"href":"https:\/\/erosieibarren.eus\/es\/wp-json\/wp\/v2\/pages\/10793","targetHints":{"allow":["GET"]}}],"collection":[{"href":"https:\/\/erosieibarren.eus\/es\/wp-json\/wp\/v2\/pages"}],"about":[{"href":"https:\/\/erosieibarren.eus\/es\/wp-json\/wp\/v2\/types\/page"}],"author":[{"embeddable":true,"href":"https:\/\/erosieibarren.eus\/es\/wp-json\/wp\/v2\/users\/1"}],"replies":[{"embeddable":true,"href":"https:\/\/erosieibarren.eus\/es\/wp-json\/wp\/v2\/comments?post=10793"}],"version-history":[{"count":10,"href":"https:\/\/erosieibarren.eus\/es\/wp-json\/wp\/v2\/pages\/10793\/revisions"}],"predecessor-version":[{"id":19984,"href":"https:\/\/erosieibarren.eus\/es\/wp-json\/wp\/v2\/pages\/10793\/revisions\/19984"}],"wp:attachment":[{"href":"https:\/\/erosieibarren.eus\/es\/wp-json\/wp\/v2\/media?parent=10793"}],"curies":[{"name":"wp","href":"https:\/\/api.w.org\/{rel}","templated":true}]}}